{"id":332,"date":"2022-05-24T15:22:54","date_gmt":"2022-05-24T13:22:54","guid":{"rendered":"https:\/\/fotostudiobasel.com\/?page_id=332"},"modified":"2022-09-07T11:55:23","modified_gmt":"2022-09-07T09:55:23","slug":"impressum","status":"publish","type":"page","link":"https:\/\/www.fotostudiobasel.com\/en\/impressum\/","title":{"rendered":"Imprint"},"content":{"rendered":"<h2>\n\t\tIMPRINT\n\t<\/h2>\n\t<p><strong>RESPONSIBLE FOR THE CONTENT<\/strong><\/p>\nINVOLT<br>\nImage consulting and photography<br>\nSignalstrasse 27<br>\nCH &#8211; 4058 Basel<br>\nUSt-IdNr.:&nbsp; CHE-341.825.519 MWST<br>\nTelefon: +41 61 311 72 72<br>\nE-Mail: info@involt.ch\n<p>&nbsp;<\/p>\n<p><strong>DISCLAIMER<\/strong><\/p>\n<p>Alle Informationen und Erkl\u00e4rungen dieser Internetseiten sind unverbindlich. Fehler im Inhalt werden bei Kenntnis dar\u00fcber unverz\u00fcglich korrigiert. Links auf andere Internetseiten werden nicht permanent kontrolliert.&nbsp;Somit \u00fcbernehmen wir keine Verantwortung f\u00fcr den Inhalt verlinkter Seiten.<\/p>\n<p>&nbsp;<\/p>\n<p><strong>DOWNLOAD OF DATA<\/strong><\/p>\n<p>The operator of this website assumes no responsibility for the accuracy of data that can be downloaded from the Internet pages.<\/p>\n<p>&nbsp;<\/p>\n<p><strong>COPYRIGHTS<\/strong><\/p>\n<p>Alle Inhalte dieser Website sind urheberrechtlich gesch\u00fctzt und geh\u00f6ren der Involt GmbH.&nbsp;Alle Inhalte und Bilder&nbsp;d\u00fcrfen in keiner Art und Weise reproduziert, ver\u00f6ffentlicht, vervielf\u00e4ltigt oder anderweitig verwendet werden ohne die vorherige Erlaubnis der Involt GmbH.<\/p>\n<p>&nbsp;<\/p>\n<p>&nbsp;<\/p>\n<p>&nbsp;<\/p>\n\t\t\t<a href=\"https:\/\/www.fotostudiobasel.com\/en\/\" target=\"_self\" role=\"button\" rel=\"noopener\">\n\t\t\t\t\t\t\tBACK TO HOME\n\t\t\t\t\t<\/a>\n\t<p><a href=\"https:\/\/www.fotostudiobasel.com\/en\/impressum\/\" rel=\"noopener\">Imprint<\/a> &nbsp; |&nbsp; &nbsp;<a href=\"https:\/\/www.fotostudiobasel.com\/en\/datenschutz\/\">Privacy<\/a>&nbsp; &nbsp;| &nbsp; <a href=\"https:\/\/involt.ch\/en\/\" target=\"_blank\" rel=\"noopener\">A network partner of involt.ch<\/a> &nbsp; | &nbsp;&nbsp;Copyright 2022 fotostudiobasel<\/p>","protected":false},"excerpt":{"rendered":"<p>IMPRESSUM VERANTWORTLICH F\u00dcR DEN INHALT INVOLT Image consulting and photography Signalstrasse 27 CH &#8211; 4058 Basel USt-IdNr.:&nbsp; CHE-341.825.519 MWST Telefon: +41 61 311 72 72 E-Mail: info@involt.ch &nbsp; HAFTUNGSAUSSCHLUSS Alle Informationen und Erkl\u00e4rungen dieser Internetseiten sind unverbindlich. Fehler im Inhalt werden bei Kenntnis dar\u00fcber unverz\u00fcglich korrigiert. Links auf andere Internetseiten werden nicht permanent kontrolliert.&nbsp;Somit \u00fcbernehmen&hellip;<\/p>","protected":false},"author":1,"featured_media":0,"parent":0,"menu_order":0,"comment_status":"closed","ping_status":"closed","template":"","meta":{"_monsterinsights_skip_tracking":false,"_monsterinsights_sitenote_active":false,"_monsterinsights_sitenote_note":"","_monsterinsights_sitenote_category":0,"footnotes":""},"class_list":["post-332","page","type-page","status-publish","hentry"],"_links":{"self":[{"href":"https:\/\/www.fotostudiobasel.com\/en\/wp-json\/wp\/v2\/pages\/332","targetHints":{"allow":["GET"]}}],"collection":[{"href":"https:\/\/www.fotostudiobasel.com\/en\/wp-json\/wp\/v2\/pages"}],"about":[{"href":"https:\/\/www.fotostudiobasel.com\/en\/wp-json\/wp\/v2\/types\/page"}],"author":[{"embeddable":true,"href":"https:\/\/www.fotostudiobasel.com\/en\/wp-json\/wp\/v2\/users\/1"}],"replies":[{"embeddable":true,"href":"https:\/\/www.fotostudiobasel.com\/en\/wp-json\/wp\/v2\/comments?post=332"}],"version-history":[{"count":8,"href":"https:\/\/www.fotostudiobasel.com\/en\/wp-json\/wp\/v2\/pages\/332\/revisions"}],"predecessor-version":[{"id":458,"href":"https:\/\/www.fotostudiobasel.com\/en\/wp-json\/wp\/v2\/pages\/332\/revisions\/458"}],"wp:attachment":[{"href":"https:\/\/www.fotostudiobasel.com\/en\/wp-json\/wp\/v2\/media?parent=332"}],"curies":[{"name":"wp","href":"https:\/\/api.w.org\/{rel}","templated":true}]}}