{"id":439,"date":"2022-09-01T15:00:04","date_gmt":"2022-09-01T13:00:04","guid":{"rendered":"https:\/\/foto.novatask.biz\/?page_id=439"},"modified":"2022-09-07T11:55:08","modified_gmt":"2022-09-07T09:55:08","slug":"datenschutz","status":"publish","type":"page","link":"https:\/\/www.fotostudiobasel.com\/en\/datenschutz\/","title":{"rendered":"Privacy"},"content":{"rendered":"<h2>\n\t\tPRIVACY\n\t<\/h2>\n\t<p>The protection of your privacy and your data is very important to us. In all data processing operations (e.g. collection, processing and transmission), we proceed in accordance with the statutory provisions.<\/p>\n<p>We can adapt our data protection declaration at any time by publishing it on this website.<\/p>\n<p>Access to our website is via transport encryption (SSL \/ TLS).<\/p>\n<p>The use of our website is possible without any indication of personal data. However, if you wish to use services via our website, the processing of personal data could become necessary. Your data is also collected when you provide it to us. We process personal data for the period of time necessary for the purpose or purposes in question. Some of this data will be disclosed to third parties in accordance with this privacy policy.<\/p>\n<p>&nbsp;<\/p>\n<p><strong>PROCESSING OF PERSONAL DATA<\/strong><\/p>\n<p>Personal data is any information relating to an identified or identifiable individual. A data subject is a person about whom personal data is processed. Processing includes any handling of personal data, regardless of the means and procedures used, in particular the storage, disclosure, acquisition, deletion, storage, modification, destruction and use of personal data.<\/p>\n<p>Wir bearbeiten Personendaten im Einklang mit dem schweizerischen Datenschutzrecht. Im \u00dcbrigen bearbeiten wir &#8211; soweit und sofern die DSGVO anwendbar ist &#8211; Personendaten gem\u00e4ss folgenden Rechtsgrundlagen:<\/p>\n<ul>\n<li>6 para. 1 lit. a DSGVO for the processing of personal data with the consent of the data subject.<\/li>\n<li>6 para. 1 lit. b DSGVO for the necessary processing of personal data for the fulfilment of a contract with the data subject as well as for the implementation of corresponding pre-contractual measures.<\/li>\n<li>6 (1) (c) GDPR for the processing of personal data necessary to comply with a legal obligation to which we are subject under any applicable law of the EU or under any applicable law of a country in which the GDPR applies in whole or in part.<\/li>\n<li>6 (1) (d) GDPR for the necessary processing of personal data to protect the vital interests of the data subject or another natural person.<\/li>\n<li>6 (1) (f) GDPR for the necessary processing of personal data to protect the legitimate interests of us or of third parties, unless the fundamental freedoms and rights and interests of the data subject override these. Legitimate interests are in particular our business interest in being able to provide our websites, information security, the enforcement of our own legal claims and compliance with Swiss law.<\/li>\n<\/ul>\n<p>We process personal data for the period of time required for the respective purpose or purposes. In the case of longer-term storage obligations due to legal and other obligations to which we are subject, we restrict processing accordingly.<\/p>\n<p>&nbsp;<\/p>\n<p><strong>COOKIES<\/strong><\/p>\n<p>The website uses so-called cookies. Cookies do not cause any damage to your computer and do not contain viruses. Cookies serve to make our offer more user-friendly, effective and secure. Cookies are small text files that are stored on your computer and saved by your browser.<\/p>\n<p>Die meisten der von uns verwendeten Cookies sind so genannte \u201eSession-Cookies&#187;. Sie werden nach Ende Ihres Besuchs automatisch gel\u00f6scht. Andere Cookies bleiben auf Ihrem Endger\u00e4t gespeichert, bis Sie diese l\u00f6schen. Diese Cookies erm\u00f6glichen es uns, Ihren Browser beim n\u00e4chsten Besuch wiederzuerkennen.<\/p>\n<p>You can set your browser so that you are informed about the setting of cookies and only allow cookies in individual cases, exclude the acceptance of cookies for certain cases or in general and activate the automatic deletion of cookies when closing the browser. If you deactivate cookies, the functionality of this website may be limited.<\/p>\n<p>&nbsp;<\/p>\n<p><strong>SERVICES OF THIRD PARTIES<\/strong><\/p>\n<p>Google Maps is used for embedding maps, Google Fonts for embedding web fonts. The services of Google Inc. use cookies and the information generated by the cookie about your use of this website is usually transmitted to a Google server in the USA and stored there. Further information can be found in Google's privacy policy. <a href=\"https:\/\/policies.google.com\/privacy?hl=de\" target=\"_blank\" rel=\"noopener\">Datenschutzerkl\u00e4rung<\/a> von Google.<\/p>\n<p>If your browser does not support web fonts, a standard font from your computer will be displayed instead.<\/p>\n<p>The website is hosted by cyon GmbH, Brunng\u00e4sslein 12, 4052 Basel. The provider of the website automatically collects and stores information in so-called server log files, which your browser automatically transmits to us. These are: IP address, browser type and version, operating system used, referrer URL, host name of the accessing computer and time of the server request.<\/p>\n<p>This data cannot be directly assigned to a specific person.<\/p>\n<p>&nbsp;<\/p>\n<p><strong>TRANSFER OF DATA TO THIRD PARTIES<\/strong><\/p>\n<p>Data will only be passed on to third parties outside Involt GmbH if this is necessary, if a legal provision requires it, if you have given your consent or if order processors commissioned by us have contractually undertaken to comply with the provisions of the DSGVO. Under these conditions, external service providers may be recipients of personal data. This may be necessary in particular for the processing of contracts (also outside the website), namely the processing of your order.<\/p>\n<p>&nbsp;<\/p>\n<p><strong>RIGHTS OF DATA SUBJECTS<\/strong><\/p>\n<p>Besucherinnen und Besucher unserer Webseiten sowie andere Personen, \u00fcber die wir Personendaten bearbeiten, k\u00f6nnen unentgeltlich eine Best\u00e4tigung, ob Personendaten durch uns bearbeitet werden sowie, falls ja, Auskunft \u00fcber unsere Bearbeitung ihrer Personendaten verlangen, die Bearbeitung ihrer Personendaten einschr\u00e4nken lassen, ihr Recht auf Daten\u00fcbertragbarkeit &#8211; sofern und soweit die DSGVO anwendbar ist &#8211; wahrnehmen, ihre Personendaten berichtigen, l\u00f6schen (\u00abRecht auf Vergessenwerden\u00bb) oder sperren lassen, erteilte Einwilligungen widerrufen und Widerspruch gegen die Bearbeitung ihrer Personendaten erheben.<\/p>\n<p>Persons about whom we process personal data have a right of appeal to a competent supervisory authority for data protection. The supervisory authority for data protection in Switzerland is the Federal Data Protection and Information Commissioner (FDPIC).<\/p>\n<p>&nbsp;<\/p>\n<p><strong>CONTACT ADDRESS<\/strong><\/p>\n<p>Enquiries from supervisory authorities and data subjects can be made by e-mail or letter post:<\/p>\nInvolt GmbH<br>\nAlex Urosevic<br>\nSignalstrasse 27<br>\nCH &#8211; 4058 Basel\n<p><a href=\"mailto:info@involt.ch\">info@involt.ch<\/a><\/p>\n<p><em>Basel, 31. August 2022<\/em><\/p>\n<p>&nbsp;<\/p>\n\t\t\t<a href=\"https:\/\/www.fotostudiobasel.com\/en\/\" target=\"_self\" role=\"button\" rel=\"noopener\">\n\t\t\t\t\t\t\tBACK TO HOME\n\t\t\t\t\t<\/a>\n\t<p><a href=\"https:\/\/www.fotostudiobasel.com\/en\/impressum\/\" rel=\"noopener\">Imprint<\/a> &nbsp; |&nbsp; &nbsp;<a href=\"https:\/\/www.fotostudiobasel.com\/en\/datenschutz\/\">Privacy<\/a>&nbsp; &nbsp;| &nbsp; <a href=\"https:\/\/involt.ch\/en\/\" target=\"_blank\" rel=\"noopener\">A network partner of involt.ch<\/a> &nbsp; | &nbsp;&nbsp;Copyright 2022 fotostudiobasel<\/p>","protected":false},"excerpt":{"rendered":"<p>DATENSCHUTZ Der Schutz Ihrer Privatsph\u00e4re und Ihrer Daten ist uns sehr wichtig. Bei allen Vorg\u00e4ngen der Datenverarbeitung (z.B. Erhebung, Verarbeitung und \u00dcbermittlung) verfahren wir nach den gesetzlichen Vorschriften. Wir k\u00f6nnen unsere Datenschutzerkl\u00e4rung jederzeit durch Ver\u00f6ffentlichung auf dieser Webseite anpassen. Der Zugriff auf unsere Website erfolgt mittels Transportverschl\u00fcsselung (SSL \/ TLS). Die Nutzung unserer Website ist&hellip;<\/p>","protected":false},"author":1,"featured_media":0,"parent":0,"menu_order":0,"comment_status":"closed","ping_status":"closed","template":"","meta":{"_monsterinsights_skip_tracking":false,"_monsterinsights_sitenote_active":false,"_monsterinsights_sitenote_note":"","_monsterinsights_sitenote_category":0,"footnotes":""},"class_list":["post-439","page","type-page","status-publish","hentry"],"_links":{"self":[{"href":"https:\/\/www.fotostudiobasel.com\/en\/wp-json\/wp\/v2\/pages\/439","targetHints":{"allow":["GET"]}}],"collection":[{"href":"https:\/\/www.fotostudiobasel.com\/en\/wp-json\/wp\/v2\/pages"}],"about":[{"href":"https:\/\/www.fotostudiobasel.com\/en\/wp-json\/wp\/v2\/types\/page"}],"author":[{"embeddable":true,"href":"https:\/\/www.fotostudiobasel.com\/en\/wp-json\/wp\/v2\/users\/1"}],"replies":[{"embeddable":true,"href":"https:\/\/www.fotostudiobasel.com\/en\/wp-json\/wp\/v2\/comments?post=439"}],"version-history":[{"count":4,"href":"https:\/\/www.fotostudiobasel.com\/en\/wp-json\/wp\/v2\/pages\/439\/revisions"}],"predecessor-version":[{"id":457,"href":"https:\/\/www.fotostudiobasel.com\/en\/wp-json\/wp\/v2\/pages\/439\/revisions\/457"}],"wp:attachment":[{"href":"https:\/\/www.fotostudiobasel.com\/en\/wp-json\/wp\/v2\/media?parent=439"}],"curies":[{"name":"wp","href":"https:\/\/api.w.org\/{rel}","templated":true}]}}